{"id":11567,"date":"2023-04-07T15:06:10","date_gmt":"2023-04-07T12:06:10","guid":{"rendered":"https:\/\/studygo.com.tr\/?page_id=11567"},"modified":"2023-04-22T13:42:43","modified_gmt":"2023-04-22T10:42:43","slug":"contacter-nous","status":"publish","type":"page","link":"https:\/\/studygo.com.tr\/fr\/contacter-nous\/","title":{"rendered":"Contacter nous"},"content":{"rendered":"<p>[vc_row bg_cover=\u00a0\u00bbcover\u00a0\u00bb bg_position=\u00a0\u00bb\u00a0\u00bb bottom=\u00a0\u00bb0px\u00a0\u00bb bg_image=\u00a0\u00bb1116&Prime;][vc_column][vc_empty_space height=\u00a0\u00bb75px\u00a0\u00bb][vc_custom_heading text=\u00a0\u00bbNous contacter\u00a0\u00bb font_container=\u00a0\u00bbtag:h1|text_align:center|color:%23ffffff\u00a0\u00bb use_theme_fonts=\u00a0\u00bbyes\u00a0\u00bb][vc_separator style=\u00a0\u00bbdouble\u00a0\u00bb][vc_empty_space height=\u00a0\u00bb150px\u00a0\u00bb][\/vc_column][\/vc_row][vc_row top=\u00a0\u00bb0px\u00a0\u00bb bottom=\u00a0\u00bb0px\u00a0\u00bb][vc_column][vc_empty_space][vc_custom_heading text=\u00a0\u00bbPourquoi Study GO?\u00a0\u00bb font_container=\u00a0\u00bbtag:h2|text_align:center|color:%23ff5e3a\u00a0\u00bb use_theme_fonts=\u00a0\u00bbyes\u00a0\u00bb][\/vc_column][\/vc_row][vc_row top=\u00a0\u00bb0px\u00a0\u00bb bottom=\u00a0\u00bb0px\u00a0\u00bb bg_color=\u00a0\u00bb#ffffff\u00a0\u00bb][vc_column width=\u00a0\u00bb1\/3&Prime;][vc_single_image image=\u00a0\u00bb1117&Prime; img_size=\u00a0\u00bb400&#215;200&Prime;][\/vc_column][vc_column width=\u00a0\u00bb2\/3&Prime;][vc_empty_space][vc_column_text]<\/p>\n<p style=\"text-align: justify;\"><span style=\"font-size: 12pt;\">Nous sommes des agents officiels des plus importantes universit\u00e9s priv\u00e9es de Turquie, nos services sont enti\u00e8rement gratuits \u00e0 partir du moment o\u00f9 vous nous contactez jusqu&rsquo;\u00e0 ce que vous soyez pleinement inscrit \u00e0 l&rsquo;universit\u00e9. Notre \u00e9quipe poss\u00e8de un haut niveau de comp\u00e9tence et d&rsquo;exp\u00e9rience pour r\u00e9pondre \u00e0 toutes vos demandes. Nous vous tiendrons compagnie lors de votre inscription \u00e0 l&rsquo;universit\u00e9 et veillerons \u00e0 ce que tout se passe bien et avec succ\u00e8s. Nos services pour aider les \u00e9tudiants sont nombreux, il vous suffit de nous contacter pour commencer votre voyage d&rsquo;\u00e9tudes en Turquie.<\/span><\/p>\n<p>[\/vc_column_text][vc_empty_space][\/vc_column][\/vc_row][vc_row bottom=\u00a0\u00bb0&Prime; bg_color=\u00a0\u00bb#f2f2f2&Prime;][vc_column][vc_custom_heading text=\u00a0\u00bbVous voulez \u00e9tudier en Turquie ?\u00a0\u00bb font_container=\u00a0\u00bbtag:h2|font_size:30px|text_align:center|color:%23ff881b|line_height:70px\u00a0\u00bb use_theme_fonts=\u00a0\u00bbyes\u00a0\u00bb el_id=\u00a0\u00bbb-header-txt\u00a0\u00bb][vc_row_inner][vc_column_inner width=\u00a0\u00bb1\/4&Prime;][\/vc_column_inner][vc_column_inner width=\u00a0\u00bb1\/4&Prime; offset=\u00a0\u00bbvc_col-xs-6&Prime;][vc_btn title=\u00a0\u00bbRechercher dans les sp\u00e9cialit\u00e9s\u00a0\u00bb style=\u00a0\u00bbflat\u00a0\u00bb shape=\u00a0\u00bbround\u00a0\u00bb color=\u00a0\u00bbwarning\u00a0\u00bb align=\u00a0\u00bbcenter\u00a0\u00bb button_block=\u00a0\u00bbtrue\u00a0\u00bb link=\u00a0\u00bburl:https%3A%2F%2Fstudygo.com.tr%2F%3Fs%3D\u00a0\u00bb el_id=\u00a0\u00bbb-btn-50&Prime;][\/vc_column_inner][vc_column_inner width=\u00a0\u00bb1\/4&Prime; offset=\u00a0\u00bbvc_col-xs-6&Prime;][vc_btn title=\u00a0\u00bbContact\u00e9 par WhatsApp\u00a0\u00bb style=\u00a0\u00bbflat\u00a0\u00bb shape=\u00a0\u00bbround\u00a0\u00bb color=\u00a0\u00bbmulled-wine\u00a0\u00bb align=\u00a0\u00bbcenter\u00a0\u00bb button_block=\u00a0\u00bbtrue\u00a0\u00bb link=\u00a0\u00bburl:https%3A%2F%2Fstudygo.com.tr%2Fwhatsapp-redirect%2F\u00a0\u00bb el_id=\u00a0\u00bbb-btn-50&Prime;][\/vc_column_inner][vc_column_inner width=\u00a0\u00bb1\/4&Prime;][\/vc_column_inner][\/vc_row_inner][vc_empty_space][\/vc_column][\/vc_row][vc_row top=\u00a0\u00bb0&Prime; bottom=\u00a0\u00bb0&Prime; bg_color=\u00a0\u00bb#f2f2f2&Prime;][vc_column width=\u00a0\u00bb1\/4&Prime;][\/vc_column][vc_column width=\u00a0\u00bb1\/2&Prime;][vc_row_inner el_class=\u00a0\u00bbb-n-row\u00a0\u00bb][vc_column_inner width=\u00a0\u00bb1\/5&Prime; offset=\u00a0\u00bbvc_col-xs-1\/5&Prime;][vc_icon name=\u00a0\u00bbfa-facebook-official\u00a0\u00bb icon_size=\u00a0\u00bb50px\u00a0\u00bb icon_color=\u00a0\u00bb#1e73be\u00a0\u00bb link=\u00a0\u00bburl:https%3A%2F%2Fwww.facebook.com%2Fstudygotr|||\u00a0\u00bb][\/vc_column_inner][vc_column_inner width=\u00a0\u00bb1\/5&Prime; offset=\u00a0\u00bbvc_col-xs-1\/5&Prime;][vc_icon name=\u00a0\u00bbfa-instagram\u00a0\u00bb icon_size=\u00a0\u00bb50px\u00a0\u00bb icon_color=\u00a0\u00bb#f727c6&Prime; link=\u00a0\u00bburl:https%3A%2F%2Fwww.instagram.com%2Fstudygotr|||\u00a0\u00bb][\/vc_column_inner][vc_column_inner width=\u00a0\u00bb1\/5&Prime; offset=\u00a0\u00bbvc_col-xs-1\/5&Prime;][vc_icon name=\u00a0\u00bbfa-telegram\u00a0\u00bb icon_size=\u00a0\u00bb50px\u00a0\u00bb icon_color=\u00a0\u00bb#26b5f2&Prime; link=\u00a0\u00bburl:https%3A%2F%2Fm.me%2FStudyGoTR%2F|||\u00a0\u00bb][\/vc_column_inner][vc_column_inner width=\u00a0\u00bb1\/5&Prime; offset=\u00a0\u00bbvc_col-xs-1\/5&Prime;][vc_icon name=\u00a0\u00bbfa-youtube-play\u00a0\u00bb icon_size=\u00a0\u00bb50px\u00a0\u00bb icon_color=\u00a0\u00bb#e50000&Prime; link=\u00a0\u00bburl:https%3A%2F%2Fwww.youtube.com%2Fchannel%2FUC1E6cTScLjIunF7ay-GRxFA\u00a0\u00bb][\/vc_column_inner][vc_column_inner width=\u00a0\u00bb1\/5&Prime; offset=\u00a0\u00bbvc_col-xs-1\/5&Prime;][vc_icon name=\u00a0\u00bbfa-whatsapp\u00a0\u00bb icon_size=\u00a0\u00bb50px\u00a0\u00bb icon_color=\u00a0\u00bb#1ebf29&Prime; link=\u00a0\u00bburl:https%3A%2F%2Fstudygo.com.tr%2Fwhatsapp-redirect%2F||target:%20_blank|\u00a0\u00bb][\/vc_column_inner][\/vc_row_inner][vc_empty_space][\/vc_column][vc_column width=\u00a0\u00bb1\/4&Prime;][\/vc_column][\/vc_row][vc_row full_content_width=\u00a0\u00bbrow-inner-full\u00a0\u00bb top=\u00a0\u00bb0px\u00a0\u00bb bottom=\u00a0\u00bb0px\u00a0\u00bb][vc_column][vc_gmaps link=\u00a0\u00bb#E-8_JTNDaWZyYW1lJTIwd2lkdGglM0QlMjIxMDAlMjUlMjIlMjBoZWlnaHQlM0QlMjI0MDAlMjIlMjBpZCUzRCUyMmdtYXBfY2FudmFzJTIyJTIwc3JjJTNEJTIyaHR0cHMlM0ElMkYlMkZtYXBzLmdvb2dsZS5jb20lMkZtYXBzJTNGcSUzRFNUVURZJTI1MjBHTyUyNTIwJTI1RDglMjVBNyUyNUQ5JTI1ODQlMjVEOCUyNUFGJTI1RDglMjVCMSUyNUQ4JTI1QTclMjVEOCUyNUIzJTI1RDglMjVBOSUyNTIwJTI1RDklMjU4MSUyNUQ5JTI1OEElMjUyMCUyNUQ4JTI1QUElMjVEOCUyNUIxJTI1RDklMjU4MyUyNUQ5JTI1OEElMjVEOCUyNUE3JTI2dCUzRCUyNnolM0QxMyUyNmllJTNEVVRGOCUyNml3bG9jJTNEJTI2b3V0cHV0JTNEZW1iZWQlMjIlMjBmcmFtZWJvcmRlciUzRCUyMjAlMjIlMjBzY3JvbGxpbmclM0QlMjJubyUyMiUyMG1hcmdpbmhlaWdodCUzRCUyMjAlMjIlMjBtYXJnaW53aWR0aCUzRCUyMjAlMjIlM0UlM0MlMkZpZnJhbWUlM0U=\u00a0\u00bb][\/vc_column][\/vc_row]<\/p>","protected":false},"excerpt":{"rendered":"<p>[vc_row bg_cover=\u00a0\u00bbcover\u00a0\u00bb bg_position=\u00a0\u00bb\u00a0\u00bb bottom=\u00a0\u00bb0px\u00a0\u00bb bg_image=\u00a0\u00bb1116&Prime;][vc_column][vc_empty_space height=\u00a0\u00bb75px\u00a0\u00bb][vc_custom_heading text=\u00a0\u00bbNous contacter\u00a0\u00bb font_container=\u00a0\u00bbtag:h1|text_align:center|color:%23ffffff\u00a0\u00bb use_theme_fonts=\u00a0\u00bbyes\u00a0\u00bb][vc_separator style=\u00a0\u00bbdouble\u00a0\u00bb][vc_empty_space height=\u00a0\u00bb150px\u00a0\u00bb][\/vc_column][\/vc_row][vc_row top=\u00a0\u00bb0px\u00a0\u00bb bottom=\u00a0\u00bb0px\u00a0\u00bb][vc_column][vc_empty_space][vc_custom_heading text=\u00a0\u00bbPourquoi Study GO?\u00a0\u00bb font_container=\u00a0\u00bbtag:h2|text_align:center|color:%23ff5e3a\u00a0\u00bb use_theme_fonts=\u00a0\u00bbyes\u00a0\u00bb][\/vc_column][\/vc_row][vc_row top=\u00a0\u00bb0px\u00a0\u00bb bottom=\u00a0\u00bb0px\u00a0\u00bb bg_color=\u00a0\u00bb#ffffff\u00a0\u00bb][vc_column width=\u00a0\u00bb1\/3&Prime;][vc_single_image image=\u00a0\u00bb1117&Prime; img_size=\u00a0\u00bb400&#215;200&Prime;][\/vc_column][vc_column width=\u00a0\u00bb2\/3&Prime;][vc_empty_space][vc_column_text] Nous sommes des agents officiels des plus importantes universit\u00e9s priv\u00e9es de Turquie, nos services sont enti\u00e8rement gratuits \u00e0 partir du moment o\u00f9 vous nous contactez jusqu&rsquo;\u00e0 ce que vous [&hellip;]<\/p>\n","protected":false},"author":1,"featured_media":0,"parent":0,"menu_order":0,"comment_status":"closed","ping_status":"closed","template":"page-full-width.php","meta":{"footnotes":"","_links_to":"","_links_to_target":""},"class_list":["post-11567","page","type-page","status-publish","hentry"],"yoast_head":"<!-- This site is optimized with the Yoast SEO Premium plugin v20.0 (Yoast SEO v24.1) - https:\/\/yoast.com\/wordpress\/plugins\/seo\/ -->\n<title>Contacter nous - Study Go Turkey<\/title>\n<meta name=\"robots\" content=\"index, follow, max-snippet:-1, max-image-preview:large, max-video-preview:-1\" \/>\n<link rel=\"canonical\" href=\"https:\/\/studygo.com.tr\/fr\/contacter-nous\/\" \/>\n<meta property=\"og:locale\" content=\"fr_FR\" \/>\n<meta property=\"og:type\" content=\"article\" \/>\n<meta property=\"og:title\" content=\"Contacter nous\" \/>\n<meta property=\"og:description\" content=\"[vc_row bg_cover=\u00a0\u00bbcover\u00a0\u00bb bg_position=\u00a0\u00bb\u00a0\u00bb bottom=\u00a0\u00bb0px\u00a0\u00bb bg_image=\u00a0\u00bb1116&Prime;][vc_column][vc_empty_space height=\u00a0\u00bb75px\u00a0\u00bb][vc_custom_heading text=\u00a0\u00bbNous contacter\u00a0\u00bb font_container=\u00a0\u00bbtag:h1|text_align:center|color:%23ffffff\u00a0\u00bb use_theme_fonts=\u00a0\u00bbyes\u00a0\u00bb][vc_separator style=\u00a0\u00bbdouble\u00a0\u00bb][vc_empty_space height=\u00a0\u00bb150px\u00a0\u00bb][\/vc_column][\/vc_row][vc_row top=\u00a0\u00bb0px\u00a0\u00bb bottom=\u00a0\u00bb0px\u00a0\u00bb][vc_column][vc_empty_space][vc_custom_heading text=\u00a0\u00bbPourquoi Study GO?\u00a0\u00bb font_container=\u00a0\u00bbtag:h2|text_align:center|color:%23ff5e3a\u00a0\u00bb use_theme_fonts=\u00a0\u00bbyes\u00a0\u00bb][\/vc_column][\/vc_row][vc_row top=\u00a0\u00bb0px\u00a0\u00bb bottom=\u00a0\u00bb0px\u00a0\u00bb bg_color=\u00a0\u00bb#ffffff\u00a0\u00bb][vc_column width=\u00a0\u00bb1\/3&Prime;][vc_single_image image=\u00a0\u00bb1117&Prime; img_size=\u00a0\u00bb400&#215;200&Prime;][\/vc_column][vc_column width=\u00a0\u00bb2\/3&Prime;][vc_empty_space][vc_column_text] Nous sommes des agents officiels des plus importantes universit\u00e9s priv\u00e9es de Turquie, nos services sont enti\u00e8rement gratuits \u00e0 partir du moment o\u00f9 vous nous contactez jusqu&rsquo;\u00e0 ce que vous [&hellip;]\" \/>\n<meta property=\"og:url\" content=\"https:\/\/studygo.com.tr\/fr\/contacter-nous\/\" \/>\n<meta property=\"og:site_name\" content=\"Study Go Turkey\" \/>\n<meta property=\"article:publisher\" content=\"https:\/\/www.facebook.com\/StudyGoTR\" \/>\n<meta property=\"article:modified_time\" content=\"2023-04-22T10:42:43+00:00\" \/>\n<meta property=\"og:image\" content=\"https:\/\/studygo.com.tr\/wp-content\/uploads\/2022\/02\/studygo-icon-4.png\" \/>\n\t<meta property=\"og:image:width\" content=\"750\" \/>\n\t<meta property=\"og:image:height\" content=\"750\" \/>\n\t<meta property=\"og:image:type\" content=\"image\/png\" \/>\n<meta name=\"twitter:card\" content=\"summary_large_image\" \/>\n<meta name=\"twitter:label1\" content=\"Dur\u00e9e de lecture estim\u00e9e\" \/>\n\t<meta name=\"twitter:data1\" content=\"2 minutes\" \/>\n<script type=\"application\/ld+json\" class=\"yoast-schema-graph\">{\"@context\":\"https:\/\/schema.org\",\"@graph\":[{\"@type\":\"WebPage\",\"@id\":\"https:\/\/studygo.com.tr\/fr\/contacter-nous\/\",\"url\":\"https:\/\/studygo.com.tr\/fr\/contacter-nous\/\",\"name\":\"Contacter nous - Study Go Turkey\",\"isPartOf\":{\"@id\":\"https:\/\/studygo.com.tr\/fr\/#website\"},\"datePublished\":\"2023-04-07T12:06:10+00:00\",\"dateModified\":\"2023-04-22T10:42:43+00:00\",\"breadcrumb\":{\"@id\":\"https:\/\/studygo.com.tr\/fr\/contacter-nous\/#breadcrumb\"},\"inLanguage\":\"fr-FR\",\"potentialAction\":[{\"@type\":\"ReadAction\",\"target\":[[\"https:\/\/studygo.com.tr\/fr\/contacter-nous\/\"]]}]},{\"@type\":\"BreadcrumbList\",\"@id\":\"https:\/\/studygo.com.tr\/fr\/contacter-nous\/#breadcrumb\",\"itemListElement\":[{\"@type\":\"ListItem\",\"position\":1,\"name\":\"Home\",\"item\":\"https:\/\/studygo.com.tr\/fr\/homepage-fr\/\"},{\"@type\":\"ListItem\",\"position\":2,\"name\":\"Contacter nous\"}]},{\"@type\":\"WebSite\",\"@id\":\"https:\/\/studygo.com.tr\/fr\/#website\",\"url\":\"https:\/\/studygo.com.tr\/fr\/\",\"name\":\"Study Go Turkey\",\"description\":\"Services &eacute;ducatifs en Turquie\",\"publisher\":{\"@id\":\"https:\/\/studygo.com.tr\/fr\/#organization\"},\"potentialAction\":[{\"@type\":\"SearchAction\",\"target\":{\"@type\":\"EntryPoint\",\"urlTemplate\":\"https:\/\/studygo.com.tr\/fr\/?s={search_term_string}\"},\"query-input\":{\"@type\":\"PropertyValueSpecification\",\"valueRequired\":true,\"valueName\":\"search_term_string\"}}],\"inLanguage\":\"fr-FR\"},{\"@type\":\"Organization\",\"@id\":\"https:\/\/studygo.com.tr\/fr\/#organization\",\"name\":\"\u0633\u062a\u0627\u062f\u064a\u0643\u0648 | \u0627\u0644\u062f\u0631\u0627\u0633\u0629 \u0641\u064a \u062a\u0631\u0643\u064a\u0627 - StudyGo\",\"url\":\"https:\/\/studygo.com.tr\/fr\/\",\"logo\":{\"@type\":\"ImageObject\",\"inLanguage\":\"fr-FR\",\"@id\":\"https:\/\/studygo.com.tr\/fr\/#\/schema\/logo\/image\/\",\"url\":\"https:\/\/studygo.com.tr\/wp-content\/uploads\/2021\/03\/study-go-logo-400x200-1.jpg\",\"contentUrl\":\"https:\/\/studygo.com.tr\/wp-content\/uploads\/2021\/03\/study-go-logo-400x200-1.jpg\",\"width\":400,\"height\":200,\"caption\":\"\u0633\u062a\u0627\u062f\u064a\u0643\u0648 | \u0627\u0644\u062f\u0631\u0627\u0633\u0629 \u0641\u064a \u062a\u0631\u0643\u064a\u0627 - StudyGo\"},\"image\":{\"@id\":\"https:\/\/studygo.com.tr\/fr\/#\/schema\/logo\/image\/\"},\"sameAs\":[\"https:\/\/www.facebook.com\/StudyGoTR\",\"https:\/\/www.instagram.com\/studygotr\/\",\"https:\/\/www.youtube.com\/channel\/UC1E6cTScLjIunF7ay-GRxFA\"]}]}<\/script>\n<!-- \/ Yoast SEO Premium plugin. -->","yoast_head_json":{"title":"Contacter nous - Study Go Turkey","robots":{"index":"index","follow":"follow","max-snippet":"max-snippet:-1","max-image-preview":"max-image-preview:large","max-video-preview":"max-video-preview:-1"},"canonical":"https:\/\/studygo.com.tr\/fr\/contacter-nous\/","og_locale":"fr_FR","og_type":"article","og_title":"Contacter nous","og_description":"[vc_row bg_cover=\u00a0\u00bbcover\u00a0\u00bb bg_position=\u00a0\u00bb\u00a0\u00bb bottom=\u00a0\u00bb0px\u00a0\u00bb bg_image=\u00a0\u00bb1116&Prime;][vc_column][vc_empty_space height=\u00a0\u00bb75px\u00a0\u00bb][vc_custom_heading text=\u00a0\u00bbNous contacter\u00a0\u00bb font_container=\u00a0\u00bbtag:h1|text_align:center|color:%23ffffff\u00a0\u00bb use_theme_fonts=\u00a0\u00bbyes\u00a0\u00bb][vc_separator style=\u00a0\u00bbdouble\u00a0\u00bb][vc_empty_space height=\u00a0\u00bb150px\u00a0\u00bb][\/vc_column][\/vc_row][vc_row top=\u00a0\u00bb0px\u00a0\u00bb bottom=\u00a0\u00bb0px\u00a0\u00bb][vc_column][vc_empty_space][vc_custom_heading text=\u00a0\u00bbPourquoi Study GO?\u00a0\u00bb font_container=\u00a0\u00bbtag:h2|text_align:center|color:%23ff5e3a\u00a0\u00bb use_theme_fonts=\u00a0\u00bbyes\u00a0\u00bb][\/vc_column][\/vc_row][vc_row top=\u00a0\u00bb0px\u00a0\u00bb bottom=\u00a0\u00bb0px\u00a0\u00bb bg_color=\u00a0\u00bb#ffffff\u00a0\u00bb][vc_column width=\u00a0\u00bb1\/3&Prime;][vc_single_image image=\u00a0\u00bb1117&Prime; img_size=\u00a0\u00bb400&#215;200&Prime;][\/vc_column][vc_column width=\u00a0\u00bb2\/3&Prime;][vc_empty_space][vc_column_text] Nous sommes des agents officiels des plus importantes universit\u00e9s priv\u00e9es de Turquie, nos services sont enti\u00e8rement gratuits \u00e0 partir du moment o\u00f9 vous nous contactez jusqu&rsquo;\u00e0 ce que vous [&hellip;]","og_url":"https:\/\/studygo.com.tr\/fr\/contacter-nous\/","og_site_name":"Study Go Turkey","article_publisher":"https:\/\/www.facebook.com\/StudyGoTR","article_modified_time":"2023-04-22T10:42:43+00:00","og_image":[{"width":750,"height":750,"url":"https:\/\/studygo.com.tr\/wp-content\/uploads\/2022\/02\/studygo-icon-4.png","type":"image\/png"}],"twitter_card":"summary_large_image","twitter_misc":{"Dur\u00e9e de lecture estim\u00e9e":"2 minutes"},"schema":{"@context":"https:\/\/schema.org","@graph":[{"@type":"WebPage","@id":"https:\/\/studygo.com.tr\/fr\/contacter-nous\/","url":"https:\/\/studygo.com.tr\/fr\/contacter-nous\/","name":"Contacter nous - Study Go Turkey","isPartOf":{"@id":"https:\/\/studygo.com.tr\/fr\/#website"},"datePublished":"2023-04-07T12:06:10+00:00","dateModified":"2023-04-22T10:42:43+00:00","breadcrumb":{"@id":"https:\/\/studygo.com.tr\/fr\/contacter-nous\/#breadcrumb"},"inLanguage":"fr-FR","potentialAction":[{"@type":"ReadAction","target":[["https:\/\/studygo.com.tr\/fr\/contacter-nous\/"]]}]},{"@type":"BreadcrumbList","@id":"https:\/\/studygo.com.tr\/fr\/contacter-nous\/#breadcrumb","itemListElement":[{"@type":"ListItem","position":1,"name":"Home","item":"https:\/\/studygo.com.tr\/fr\/homepage-fr\/"},{"@type":"ListItem","position":2,"name":"Contacter nous"}]},{"@type":"WebSite","@id":"https:\/\/studygo.com.tr\/fr\/#website","url":"https:\/\/studygo.com.tr\/fr\/","name":"Study Go Turkey","description":"Services &eacute;ducatifs en Turquie","publisher":{"@id":"https:\/\/studygo.com.tr\/fr\/#organization"},"potentialAction":[{"@type":"SearchAction","target":{"@type":"EntryPoint","urlTemplate":"https:\/\/studygo.com.tr\/fr\/?s={search_term_string}"},"query-input":{"@type":"PropertyValueSpecification","valueRequired":true,"valueName":"search_term_string"}}],"inLanguage":"fr-FR"},{"@type":"Organization","@id":"https:\/\/studygo.com.tr\/fr\/#organization","name":"\u0633\u062a\u0627\u062f\u064a\u0643\u0648 | \u0627\u0644\u062f\u0631\u0627\u0633\u0629 \u0641\u064a \u062a\u0631\u0643\u064a\u0627 - StudyGo","url":"https:\/\/studygo.com.tr\/fr\/","logo":{"@type":"ImageObject","inLanguage":"fr-FR","@id":"https:\/\/studygo.com.tr\/fr\/#\/schema\/logo\/image\/","url":"https:\/\/studygo.com.tr\/wp-content\/uploads\/2021\/03\/study-go-logo-400x200-1.jpg","contentUrl":"https:\/\/studygo.com.tr\/wp-content\/uploads\/2021\/03\/study-go-logo-400x200-1.jpg","width":400,"height":200,"caption":"\u0633\u062a\u0627\u062f\u064a\u0643\u0648 | \u0627\u0644\u062f\u0631\u0627\u0633\u0629 \u0641\u064a \u062a\u0631\u0643\u064a\u0627 - StudyGo"},"image":{"@id":"https:\/\/studygo.com.tr\/fr\/#\/schema\/logo\/image\/"},"sameAs":["https:\/\/www.facebook.com\/StudyGoTR","https:\/\/www.instagram.com\/studygotr\/","https:\/\/www.youtube.com\/channel\/UC1E6cTScLjIunF7ay-GRxFA"]}]}},"_links":{"self":[{"href":"https:\/\/studygo.com.tr\/fr\/wp-json\/wp\/v2\/pages\/11567","targetHints":{"allow":["GET"]}}],"collection":[{"href":"https:\/\/studygo.com.tr\/fr\/wp-json\/wp\/v2\/pages"}],"about":[{"href":"https:\/\/studygo.com.tr\/fr\/wp-json\/wp\/v2\/types\/page"}],"author":[{"embeddable":true,"href":"https:\/\/studygo.com.tr\/fr\/wp-json\/wp\/v2\/users\/1"}],"replies":[{"embeddable":true,"href":"https:\/\/studygo.com.tr\/fr\/wp-json\/wp\/v2\/comments?post=11567"}],"version-history":[{"count":1,"href":"https:\/\/studygo.com.tr\/fr\/wp-json\/wp\/v2\/pages\/11567\/revisions"}],"predecessor-version":[{"id":11572,"href":"https:\/\/studygo.com.tr\/fr\/wp-json\/wp\/v2\/pages\/11567\/revisions\/11572"}],"wp:attachment":[{"href":"https:\/\/studygo.com.tr\/fr\/wp-json\/wp\/v2\/media?parent=11567"}],"curies":[{"name":"wp","href":"https:\/\/api.w.org\/{rel}","templated":true}]}}