{"id":12658,"date":"2023-05-30T01:00:55","date_gmt":"2023-05-29T22:00:55","guid":{"rendered":"https:\/\/studygo.com.tr\/?page_id=12658"},"modified":"2023-05-30T01:00:55","modified_gmt":"2023-05-29T22:00:55","slug":"appliquer-maintenant","status":"publish","type":"page","link":"https:\/\/studygo.com.tr\/fr\/appliquer-maintenant\/","title":{"rendered":"Appliquer maintenant"},"content":{"rendered":"<p>[vc_row full_content_width=\u00a0\u00bbrow-inner-full\u00a0\u00bb top=\u00a0\u00bb0&Prime; bottom=\u00a0\u00bb0&Prime; bg_color=\u00a0\u00bb#ff881b\u00a0\u00bb][vc_column][vc_single_image image=\u00a0\u00bb10199&Prime; img_size=\u00a0\u00bbfull\u00a0\u00bb alignment=\u00a0\u00bbcenter\u00a0\u00bb][\/vc_column][\/vc_row][vc_row top=\u00a0\u00bb40px\u00a0\u00bb bottom=\u00a0\u00bb40px\u00a0\u00bb][vc_column][vc_column_text]<\/p>\n<p style=\"text-align: center;\"><span style=\"font-size: 14pt;\">L&rsquo;\u00e9quipe <span style=\"color: #ff6600;\"><strong>STUDY GO<\/strong><\/span> vous propose des consultations gratuites<\/span><\/p>\n<p style=\"text-align: center;\"><span style=\"font-size: 14pt;\">Ne manquez pas l&rsquo;opportunit\u00e9 de vous inscrire et d&rsquo;obtenir une <span style=\"color: #ff6600;\"><strong>entr\u00e9e gratuite<\/strong><\/span> dans les universit\u00e9s turques priv\u00e9es en anglais ou en turc.<\/span><\/p>\n<p style=\"text-align: center;\"><span style=\"font-size: 14pt;\">Tout ce que vous avez \u00e0 faire est de remplir le formulaire d&rsquo;inscription en quelques \u00e9tapes simples et de t\u00e9l\u00e9charger les documents requis et afin que notre \u00e9quipe puisse vous contacter directement<\/span><\/p>\n<p style=\"text-align: center;\"><span style=\"color: #ff6600;\"><strong><span style=\"font-size: 14pt;\">Nous sommes des agents officiels et accr\u00e9dit\u00e9s des universit\u00e9s turques priv\u00e9es<\/span><\/strong><\/span><\/p>\n<p>[\/vc_column_text][\/vc_column][\/vc_row][vc_row top=\u00a0\u00bb0&Prime; bottom=\u00a0\u00bb0&Prime;][vc_column][vc_raw_js]JTNDc2NyaXB0JTIwZGF0YS1iMjQtZm9ybSUzRCUyMmlubGluZSUyRjEzJTJGZDYyYTU3JTIyJTIwZGF0YS1za2lwLW1vdmluZyUzRCUyMnRydWUlMjIlM0UlMEElMjhmdW5jdGlvbiUyOHclMkNkJTJDdSUyOSU3QiUwQXZhciUyMHMlM0RkLmNyZWF0ZUVsZW1lbnQlMjglMjdzY3JpcHQlMjclMjklM0JzLmFzeW5jJTNEdHJ1ZSUzQnMuc3JjJTNEdSUyQiUyNyUzRiUyNyUyQiUyOERhdGUubm93JTI4JTI5JTJGMTgwMDAwJTdDMCUyOSUzQiUwQXZhciUyMGglM0RkLmdldEVsZW1lbnRzQnlUYWdOYW1lJTI4JTI3c2NyaXB0JTI3JTI5JTVCMCU1RCUzQmgucGFyZW50Tm9kZS5pbnNlcnRCZWZvcmUlMjhzJTJDaCUyOSUzQiUwQSU3RCUyOSUyOHdpbmRvdyUyQ2RvY3VtZW50JTJDJTI3aHR0cHMlM0ElMkYlMkZjZG4uYml0cml4MjQuY29tJTJGYjIwNTQ5NDExJTJGY3JtJTJGZm9ybSUyRmxvYWRlcl8xMy5qcyUyNyUyOSUzQiUwQSUzQyUyRnNjcmlwdCUzRQ==[\/vc_raw_js][vc_separator style=\u00a0\u00bbshadow\u00a0\u00bb][\/vc_column][\/vc_row][vc_row bottom=\u00a0\u00bb0&Prime;][vc_column][vc_custom_heading text=\u00a0\u00bbVous avez encore des questions ?\u00a0\u00bb font_container=\u00a0\u00bbtag:h2|font_size:30px|text_align:center|color:%23dd3333&Prime; use_theme_fonts=\u00a0\u00bbyes\u00a0\u00bb][vc_column_text]<\/p>\n<p style=\"text-align: center;\"><span style=\"font-size: 14pt;\">Notre \u00e9quipe de conseillers p\u00e9dagogiques est pr\u00eate \u00e0 r\u00e9pondre \u00e0 vos questions et demandes de renseignements et \u00e0 vous aider avec l&rsquo;inscription directe tout le temps&#8230; Contactez-nous simplement via WhatsApp avec un message afin que nous puissions communiquer et r\u00e9pondre directement<\/span><\/p>\n<p>[\/vc_column_text][vc_empty_space][vc_btn title=\u00a0\u00bbContactez-nous sur whatsapp\u00a0\u00bb style=\u00a0\u00bbflat\u00a0\u00bb color=\u00a0\u00bbgreen\u00a0\u00bb align=\u00a0\u00bbcenter\u00a0\u00bb link=\u00a0\u00bburl:https%3A%2F%2Fstudygo.com.tr%2Fwhatsapp-redirect%2F\u00a0\u00bb el_id=\u00a0\u00bbb-btn\u00a0\u00bb][vc_empty_space][vc_row_inner][vc_column_inner width=\u00a0\u00bb1\/3&Prime; offset=\u00a0\u00bbvc_col-xs-12&Prime;][vc_single_image image=\u00a0\u00bb9929&Prime; img_size=\u00a0\u00bbfull\u00a0\u00bb alignment=\u00a0\u00bbcenter\u00a0\u00bb style=\u00a0\u00bbvc_box_rounded\u00a0\u00bb onclick=\u00a0\u00bbcustom_link\u00a0\u00bb link=\u00a0\u00bbhttp:\/\/wa.me\/905528019801&Prime; el_id=\u00a0\u00bbb-img\u00a0\u00bb][\/vc_column_inner][vc_column_inner width=\u00a0\u00bb1\/3&Prime; offset=\u00a0\u00bbvc_col-xs-12&Prime;][vc_single_image image=\u00a0\u00bb9930&Prime; img_size=\u00a0\u00bbfull\u00a0\u00bb alignment=\u00a0\u00bbcenter\u00a0\u00bb onclick=\u00a0\u00bbcustom_link\u00a0\u00bb link=\u00a0\u00bbhttp:\/\/wa.me\/905528019801&Prime; el_id=\u00a0\u00bbb-img\u00a0\u00bb][\/vc_column_inner][vc_column_inner width=\u00a0\u00bb1\/3&Prime; offset=\u00a0\u00bbvc_col-xs-12&Prime;][vc_single_image image=\u00a0\u00bb9933&Prime; img_size=\u00a0\u00bbfull\u00a0\u00bb alignment=\u00a0\u00bbcenter\u00a0\u00bb style=\u00a0\u00bbvc_box_rounded\u00a0\u00bb onclick=\u00a0\u00bbcustom_link\u00a0\u00bb link=\u00a0\u00bbhttp:\/\/wa.me\/905537545780&Prime; el_id=\u00a0\u00bbb-img\u00a0\u00bb][\/vc_column_inner][\/vc_row_inner][vc_row_inner][vc_column_inner width=\u00a0\u00bb1\/6&Prime; offset=\u00a0\u00bbvc_col-xs-6&Prime;][\/vc_column_inner][vc_column_inner width=\u00a0\u00bb1\/3&Prime; offset=\u00a0\u00bbvc_col-xs-12&Prime;][vc_single_image image=\u00a0\u00bb9931&Prime; img_size=\u00a0\u00bbfull\u00a0\u00bb alignment=\u00a0\u00bbcenter\u00a0\u00bb style=\u00a0\u00bbvc_box_rounded\u00a0\u00bb onclick=\u00a0\u00bbcustom_link\u00a0\u00bb link=\u00a0\u00bbhttp:\/\/wa.me\/905393740571&Prime; el_id=\u00a0\u00bbb-img\u00a0\u00bb][\/vc_column_inner][vc_column_inner width=\u00a0\u00bb1\/3&Prime; offset=\u00a0\u00bbvc_col-xs-12&Prime;][vc_single_image image=\u00a0\u00bb9932&Prime; img_size=\u00a0\u00bbfull\u00a0\u00bb alignment=\u00a0\u00bbcenter\u00a0\u00bb onclick=\u00a0\u00bbcustom_link\u00a0\u00bb link=\u00a0\u00bbhttp:\/\/wa.me\/905528099901&Prime; el_id=\u00a0\u00bbb-img\u00a0\u00bb][\/vc_column_inner][vc_column_inner width=\u00a0\u00bb1\/6&Prime;][\/vc_column_inner][\/vc_row_inner][\/vc_column][\/vc_row][vc_row][vc_column][vc_custom_heading text=\u00a0\u00bbInformations qui vous int\u00e9ressent:\u00a0\u00bb font_container=\u00a0\u00bbtag:h2|font_size:30px|text_align:center|color:%23dd3333&Prime; use_theme_fonts=\u00a0\u00bbyes\u00a0\u00bb][vc_column_text]<\/p>\n<p style=\"text-align: center;\"><span style=\"font-size: 14pt;\">Nous avons encore beaucoup \u00e0 vous dire sur tout ce qui concerne les \u00e9tudes en Turquie &#8230; nous avons donc fourni un ensemble distingu\u00e9 d&rsquo;articles d\u00e9taill\u00e9s qui incluent toutes les informations qui vous int\u00e9ressent sur les universit\u00e9s priv\u00e9es et les sp\u00e9cialisations, ainsi que les \u00e9tapes d&rsquo;inscription et bien d&rsquo;autres D\u00e9couvrez les plus importants ici<\/span><\/p>\n<p>[\/vc_column_text][vc_empty_space][vc_basic_grid post_type=\u00a0\u00bbpost\u00a0\u00bb max_items=\u00a0\u00bb3&Prime; item=\u00a0\u00bbbasicGrid_ScaleInWithRotation\u00a0\u00bb grid_id=\u00a0\u00bbvc_gid:1672337344341-b3f7479f-023c-3&Prime; taxonomies=\u00a0\u00bb298&Prime;][\/vc_column][\/vc_row][vc_row][vc_column][vc_raw_html]JTNDc3R5bGUlM0UlMEFmb3JtJTdCYm9yZGVyLXJhZGl1cyUzQSUyMDUwcHglM0JwYWRkaW5nJTNBJTIwMzBweCUyMDEzcHglM0Jib3gtc2hhZG93JTNBJTIwMHB4JTIwMHB4JTIwMzdweCUyMCUyMzNjM2MzYzU3JTNCYm9yZGVyLXRvcCUzQXNvbGlkJTIwNHB4JTIwJTIzZmU4ODE5JTNCYm9yZGVyLWJvdHRvbSUzQXNvbGlkJTIwNHB4JTIwJTIzZmU4ODE5JTNCYmFja2dyb3VuZCUzQSUyM2YyZjJmMiUzQmRpcmVjdGlvbiUzQWx0ciUyMCUyMWltcG9ydGFudCUzQiU3RCUwQS5iMjQtZm9ybS1maWVsZCU3Qm1hcmdpbi1ib3R0b20lM0ElMjAzMHB4JTIwJTIxaW1wb3J0YW50JTNCJTdEJTBBLmIyNC1mb3JtLWNvbnRyb2wtaWNvbi1hZnRlciUyMC5iMjQtZm9ybS1jb250cm9sJTJDJTIwLmIyNC1mb3JtLWNvbnRyb2wtaWNvbi1hZnRlciUyMC5iMjQtZm9ybS1jb250cm9sLWxhYmVsJTdCYm9yZGVyLXJhZGl1cyUzQSUyMDUwcHglM0JwYWRkaW5nLWxlZnQlM0ElMjA0MHB4JTNCJTdEJTBBaW5wdXQlN0Jib3JkZXItcmFkaXVzJTNBJTIwNTBweCUzQmJvcmRlci1jb2xvciUzQSUyMCUyM2QzZDFkMSUzQmJhY2tncm91bmQlM0ElMjAlMjNmZmZmZmYlMjAlMjFpbXBvcnRhbnQlM0Jib3gtc2hhZG93JTNBJTIwMHB4JTIwMHB4JTIwMThweCUyMC0xMHB4JTNCYm9yZGVyJTNBJTIwbm9uZSUzQiU3RCUwQWJ1dHRvbiU1QnR5cGUlM0QlMjJzdWJtaXQlMjIlNUQlN0Jib3JkZXItcmFkaXVzJTNBNTBweCUzQmJhY2tncm91bmQlM0ElMjMwMGM3NTklM0IlN0QlMEElMEEuYjI0LWZvcm0tZmllbGQtbmFtZSUzQSUzQWJlZm9yZSUyMCU3QmNvbnRlbnQlM0ElMjAlMjJSZW5zZWlnbmVtZW50cyUyMHBlcnNvbm5lbHMlMjIlM0Jmb250LXNpemUlM0ElMjAyMnB4JTNCZm9udC1mYW1pbHklM0ElMjBjYWlybyUzQmZvbnQtd2VpZ2h0JTNBJTIwYm9sZCUzQmNvbG9yJTNBJTIwJTIzZmU4ODE5JTNCbWFyZ2luJTNBJTIwYXV0byUzQmRpc3BsYXklM0ElMjB0YWJsZSUzQm1hcmdpbi1ib3R0b20lM0ElMjAyMHB4JTNCJTdEJTBBLmIyNC1mb3JtLWZpZWxkLWVtYWlsJTNBJTNBYWZ0ZXIlN0Jjb250ZW50JTNBJTIwJTIyTWFqZXVyZSUyMGV0JTIwdW5pdmVyc2l0YWlyZSUyMiUzQmZvbnQtc2l6ZSUzQSUyMDIycHglM0Jmb250LWZhbWlseSUzQSUyMGNhaXJvJTNCZm9udC13ZWlnaHQlM0ElMjBib2xkJTNCY29sb3IlM0ElMjAlMjNmZTg4MTklM0JtYXJnaW4lM0ElMjBhdXRvJTNCZGlzcGxheSUzQSUyMHRhYmxlJTNCbWFyZ2luLXRvcCUzQSUyMDIwcHglM0IlN0QlMEElMEElMEEuYjI0LWZvcm0tZmllbGQtZmlsZSU3QndpZHRoJTNBJTIwNTAlMjUlM0JkaXNwbGF5JTNBJTIwaW5saW5lLWJsb2NrJTNCYmFja2dyb3VuZCUzQSUyMCUyM2ZmZiUzQmJvcmRlci1yYWRpdXMlM0ElMjAxNXB4JTNCYm94LXNoYWRvdyUzQSUyMDBweCUyMDBweCUyMDIzcHglMjAtMTBweCUyMCUyM2E1YTVhNSUzQnBhZGRpbmclM0ElMjAxNXB4JTIwMjVweCUzQiU3RCUwQSUyRiUyQSUyQSUyQSUyQSUyQSUyQSUyQSUyQSUyQSUyQSUyQSUyQSUyQSUyQSUyRiUwQSU0MG1lZGlhJTIwb25seSUyMHNjcmVlbiUyMGFuZCUyMCUyOG1heC13aWR0aCUzQSUyMDYwMHB4JTI5JTIwJTdCJTBBLmIyNC1mb3JtLWZpZWxkLWZpbGUlN0J3aWR0aCUzQSUyMDEwMCUyNSU3RCUwQWZvcm0lN0Jib3gtc2hhZG93JTNBJTIwbm9uZSUzQiU3RCUwQS53cGJfcm93JTdCbWFyZ2luLWxlZnQlM0ElMjAtNTBweCUzQm1hcmdpbi1yaWdodCUzQSUyMC01MHB4JTNCJTdEJTBBJTdEJTBBJTJGJTJBJTJBJTJBJTJBJTJBJTJBJTJBJTJBJTJBJTJBJTJBJTJBJTJBJTJBJTJBJTJBJTJBJTJBJTJBJTJBJTJBJTJBJTJBJTJBJTJBJTJBJTJBJTJBJTJBJTJBJTJBJTJBJTJBJTJBJTJBJTJBJTJGJTBBJTJGJTJBJTIzYi1pbWclMjBpbWclN0Jib3gtc2hhZG93JTNBMHB4JTIwMHB4JTIwMjdweCUyMC0ycHglMjAlMjMwMDAwMDA3NSUzQiU3RCUyQSUyRiUwQSUyM2ItaW1nJTNBaG92ZXIlN0J0cmFuc2Zvcm0lM0ElMjBzY2FsZSUyODEuMDUlMjklM0IlMjB0cmFuc2l0aW9uJTNBJTIwdHJhbnNmb3JtJTIwLjJzJTNCJTdEJTBBJTJGJTJBJTJBJTJBJTJBJTJBJTJBJTJBJTJBJTJBJTJBJTJBJTIwQkxPRyUyMCUyQSUyQSUyQSUyQSUyQSUyQSUyQSUyQSUyRiUwQS52Y19idG4zLWNvbnRhaW5lci52Y19idG4zLWxlZnQlMkMudmNfY3VzdG9tX2hlYWRpbmclMjBwJTdCZGlzcGxheSUzQW5vbmUlM0IlN0QlMEEudmNfZ3JpZC1pdGVtLW1pbmklN0Jib3JkZXItcmFkaXVzJTNBJTIwNjBweCUzQmJveC1zaGFkb3clM0ElMjAwcHglMjAwcHglMjAxM3B4JTIwNnB4JTIwJTIzMDAwMyUzQiU3RCUwQWg0JTdCdGV4dC1hbGlnbiUzQSUyMGNlbnRlciUyMCUyMWltcG9ydGFudCUzQiUyMGZvbnQtc2l6ZSUzQSUyMDE4cHglM0JsaW5lLWhlaWdodCUzQSUyMDM1cHglM0IlMkYlMkFjb2xvciUzQSUyMCUyM2ZlN2MwMyUyQSUyRiUzQmZvbnQtd2VpZ2h0JTNBJTIwNDAwJTNCJTdEJTBBJTBBJTNDJTJGc3R5bGUlM0U=[\/vc_raw_html][\/vc_column][\/vc_row]<\/p>","protected":false},"excerpt":{"rendered":"<p>[vc_row full_content_width=\u00a0\u00bbrow-inner-full\u00a0\u00bb top=\u00a0\u00bb0&Prime; bottom=\u00a0\u00bb0&Prime; bg_color=\u00a0\u00bb#ff881b\u00a0\u00bb][vc_column][vc_single_image image=\u00a0\u00bb10199&Prime; img_size=\u00a0\u00bbfull\u00a0\u00bb alignment=\u00a0\u00bbcenter\u00a0\u00bb][\/vc_column][\/vc_row][vc_row top=\u00a0\u00bb40px\u00a0\u00bb bottom=\u00a0\u00bb40px\u00a0\u00bb][vc_column][vc_column_text] L&rsquo;\u00e9quipe STUDY GO vous propose des consultations gratuites Ne manquez pas l&rsquo;opportunit\u00e9 de vous inscrire et d&rsquo;obtenir une entr\u00e9e gratuite dans les universit\u00e9s turques priv\u00e9es en anglais ou en turc. Tout ce que vous avez \u00e0 faire est de remplir le formulaire d&rsquo;inscription en quelques [&hellip;]<\/p>\n","protected":false},"author":1,"featured_media":0,"parent":0,"menu_order":0,"comment_status":"closed","ping_status":"closed","template":"page-full-width.php","meta":{"footnotes":"","_links_to":"","_links_to_target":""},"class_list":["post-12658","page","type-page","status-publish","hentry"],"yoast_head":"<!-- This site is optimized with the Yoast SEO Premium plugin v20.0 (Yoast SEO v24.1) - https:\/\/yoast.com\/wordpress\/plugins\/seo\/ -->\n<title>Appliquer maintenant - Study Go Turkey<\/title>\n<meta name=\"robots\" content=\"index, follow, max-snippet:-1, max-image-preview:large, max-video-preview:-1\" \/>\n<link rel=\"canonical\" href=\"https:\/\/studygo.com.tr\/fr\/appliquer-maintenant\/\" \/>\n<meta property=\"og:locale\" content=\"fr_FR\" \/>\n<meta property=\"og:type\" content=\"article\" \/>\n<meta property=\"og:title\" content=\"Appliquer maintenant\" \/>\n<meta property=\"og:description\" content=\"[vc_row full_content_width=\u00a0\u00bbrow-inner-full\u00a0\u00bb top=\u00a0\u00bb0&Prime; bottom=\u00a0\u00bb0&Prime; bg_color=\u00a0\u00bb#ff881b\u00a0\u00bb][vc_column][vc_single_image image=\u00a0\u00bb10199&Prime; img_size=\u00a0\u00bbfull\u00a0\u00bb alignment=\u00a0\u00bbcenter\u00a0\u00bb][\/vc_column][\/vc_row][vc_row top=\u00a0\u00bb40px\u00a0\u00bb bottom=\u00a0\u00bb40px\u00a0\u00bb][vc_column][vc_column_text] L&rsquo;\u00e9quipe STUDY GO vous propose des consultations gratuites Ne manquez pas l&rsquo;opportunit\u00e9 de vous inscrire et d&rsquo;obtenir une entr\u00e9e gratuite dans les universit\u00e9s turques priv\u00e9es en anglais ou en turc. Tout ce que vous avez \u00e0 faire est de remplir le formulaire d&rsquo;inscription en quelques [&hellip;]\" \/>\n<meta property=\"og:url\" content=\"https:\/\/studygo.com.tr\/fr\/appliquer-maintenant\/\" \/>\n<meta property=\"og:site_name\" content=\"Study Go Turkey\" \/>\n<meta property=\"article:publisher\" content=\"https:\/\/www.facebook.com\/StudyGoTR\" \/>\n<meta property=\"og:image\" content=\"https:\/\/studygo.com.tr\/wp-content\/uploads\/2022\/02\/studygo-icon-4.png\" \/>\n\t<meta property=\"og:image:width\" content=\"750\" \/>\n\t<meta property=\"og:image:height\" content=\"750\" \/>\n\t<meta property=\"og:image:type\" content=\"image\/png\" \/>\n<meta name=\"twitter:card\" content=\"summary_large_image\" \/>\n<meta name=\"twitter:label1\" content=\"Dur\u00e9e de lecture estim\u00e9e\" \/>\n\t<meta name=\"twitter:data1\" content=\"2 minutes\" \/>\n<script type=\"application\/ld+json\" class=\"yoast-schema-graph\">{\"@context\":\"https:\/\/schema.org\",\"@graph\":[{\"@type\":\"WebPage\",\"@id\":\"https:\/\/studygo.com.tr\/fr\/appliquer-maintenant\/\",\"url\":\"https:\/\/studygo.com.tr\/fr\/appliquer-maintenant\/\",\"name\":\"Appliquer maintenant - Study Go Turkey\",\"isPartOf\":{\"@id\":\"https:\/\/studygo.com.tr\/fr\/#website\"},\"datePublished\":\"2023-05-29T22:00:55+00:00\",\"dateModified\":\"2023-05-29T22:00:55+00:00\",\"breadcrumb\":{\"@id\":\"https:\/\/studygo.com.tr\/fr\/appliquer-maintenant\/#breadcrumb\"},\"inLanguage\":\"fr-FR\",\"potentialAction\":[{\"@type\":\"ReadAction\",\"target\":[[\"https:\/\/studygo.com.tr\/fr\/appliquer-maintenant\/\"]]}]},{\"@type\":\"BreadcrumbList\",\"@id\":\"https:\/\/studygo.com.tr\/fr\/appliquer-maintenant\/#breadcrumb\",\"itemListElement\":[{\"@type\":\"ListItem\",\"position\":1,\"name\":\"Home\",\"item\":\"https:\/\/studygo.com.tr\/fr\/homepage-fr\/\"},{\"@type\":\"ListItem\",\"position\":2,\"name\":\"Appliquer maintenant\"}]},{\"@type\":\"WebSite\",\"@id\":\"https:\/\/studygo.com.tr\/fr\/#website\",\"url\":\"https:\/\/studygo.com.tr\/fr\/\",\"name\":\"Study Go Turkey\",\"description\":\"Services &eacute;ducatifs en Turquie\",\"publisher\":{\"@id\":\"https:\/\/studygo.com.tr\/fr\/#organization\"},\"potentialAction\":[{\"@type\":\"SearchAction\",\"target\":{\"@type\":\"EntryPoint\",\"urlTemplate\":\"https:\/\/studygo.com.tr\/fr\/?s={search_term_string}\"},\"query-input\":{\"@type\":\"PropertyValueSpecification\",\"valueRequired\":true,\"valueName\":\"search_term_string\"}}],\"inLanguage\":\"fr-FR\"},{\"@type\":\"Organization\",\"@id\":\"https:\/\/studygo.com.tr\/fr\/#organization\",\"name\":\"\u0633\u062a\u0627\u062f\u064a\u0643\u0648 | \u0627\u0644\u062f\u0631\u0627\u0633\u0629 \u0641\u064a \u062a\u0631\u0643\u064a\u0627 - StudyGo\",\"url\":\"https:\/\/studygo.com.tr\/fr\/\",\"logo\":{\"@type\":\"ImageObject\",\"inLanguage\":\"fr-FR\",\"@id\":\"https:\/\/studygo.com.tr\/fr\/#\/schema\/logo\/image\/\",\"url\":\"https:\/\/studygo.com.tr\/wp-content\/uploads\/2021\/03\/study-go-logo-400x200-1.jpg\",\"contentUrl\":\"https:\/\/studygo.com.tr\/wp-content\/uploads\/2021\/03\/study-go-logo-400x200-1.jpg\",\"width\":400,\"height\":200,\"caption\":\"\u0633\u062a\u0627\u062f\u064a\u0643\u0648 | \u0627\u0644\u062f\u0631\u0627\u0633\u0629 \u0641\u064a \u062a\u0631\u0643\u064a\u0627 - StudyGo\"},\"image\":{\"@id\":\"https:\/\/studygo.com.tr\/fr\/#\/schema\/logo\/image\/\"},\"sameAs\":[\"https:\/\/www.facebook.com\/StudyGoTR\",\"https:\/\/www.instagram.com\/studygotr\/\",\"https:\/\/www.youtube.com\/channel\/UC1E6cTScLjIunF7ay-GRxFA\"]}]}<\/script>\n<!-- \/ Yoast SEO Premium plugin. -->","yoast_head_json":{"title":"Appliquer maintenant - Study Go Turkey","robots":{"index":"index","follow":"follow","max-snippet":"max-snippet:-1","max-image-preview":"max-image-preview:large","max-video-preview":"max-video-preview:-1"},"canonical":"https:\/\/studygo.com.tr\/fr\/appliquer-maintenant\/","og_locale":"fr_FR","og_type":"article","og_title":"Appliquer maintenant","og_description":"[vc_row full_content_width=\u00a0\u00bbrow-inner-full\u00a0\u00bb top=\u00a0\u00bb0&Prime; bottom=\u00a0\u00bb0&Prime; bg_color=\u00a0\u00bb#ff881b\u00a0\u00bb][vc_column][vc_single_image image=\u00a0\u00bb10199&Prime; img_size=\u00a0\u00bbfull\u00a0\u00bb alignment=\u00a0\u00bbcenter\u00a0\u00bb][\/vc_column][\/vc_row][vc_row top=\u00a0\u00bb40px\u00a0\u00bb bottom=\u00a0\u00bb40px\u00a0\u00bb][vc_column][vc_column_text] L&rsquo;\u00e9quipe STUDY GO vous propose des consultations gratuites Ne manquez pas l&rsquo;opportunit\u00e9 de vous inscrire et d&rsquo;obtenir une entr\u00e9e gratuite dans les universit\u00e9s turques priv\u00e9es en anglais ou en turc. Tout ce que vous avez \u00e0 faire est de remplir le formulaire d&rsquo;inscription en quelques [&hellip;]","og_url":"https:\/\/studygo.com.tr\/fr\/appliquer-maintenant\/","og_site_name":"Study Go Turkey","article_publisher":"https:\/\/www.facebook.com\/StudyGoTR","og_image":[{"width":750,"height":750,"url":"https:\/\/studygo.com.tr\/wp-content\/uploads\/2022\/02\/studygo-icon-4.png","type":"image\/png"}],"twitter_card":"summary_large_image","twitter_misc":{"Dur\u00e9e de lecture estim\u00e9e":"2 minutes"},"schema":{"@context":"https:\/\/schema.org","@graph":[{"@type":"WebPage","@id":"https:\/\/studygo.com.tr\/fr\/appliquer-maintenant\/","url":"https:\/\/studygo.com.tr\/fr\/appliquer-maintenant\/","name":"Appliquer maintenant - Study Go Turkey","isPartOf":{"@id":"https:\/\/studygo.com.tr\/fr\/#website"},"datePublished":"2023-05-29T22:00:55+00:00","dateModified":"2023-05-29T22:00:55+00:00","breadcrumb":{"@id":"https:\/\/studygo.com.tr\/fr\/appliquer-maintenant\/#breadcrumb"},"inLanguage":"fr-FR","potentialAction":[{"@type":"ReadAction","target":[["https:\/\/studygo.com.tr\/fr\/appliquer-maintenant\/"]]}]},{"@type":"BreadcrumbList","@id":"https:\/\/studygo.com.tr\/fr\/appliquer-maintenant\/#breadcrumb","itemListElement":[{"@type":"ListItem","position":1,"name":"Home","item":"https:\/\/studygo.com.tr\/fr\/homepage-fr\/"},{"@type":"ListItem","position":2,"name":"Appliquer maintenant"}]},{"@type":"WebSite","@id":"https:\/\/studygo.com.tr\/fr\/#website","url":"https:\/\/studygo.com.tr\/fr\/","name":"Study Go Turkey","description":"Services &eacute;ducatifs en Turquie","publisher":{"@id":"https:\/\/studygo.com.tr\/fr\/#organization"},"potentialAction":[{"@type":"SearchAction","target":{"@type":"EntryPoint","urlTemplate":"https:\/\/studygo.com.tr\/fr\/?s={search_term_string}"},"query-input":{"@type":"PropertyValueSpecification","valueRequired":true,"valueName":"search_term_string"}}],"inLanguage":"fr-FR"},{"@type":"Organization","@id":"https:\/\/studygo.com.tr\/fr\/#organization","name":"\u0633\u062a\u0627\u062f\u064a\u0643\u0648 | \u0627\u0644\u062f\u0631\u0627\u0633\u0629 \u0641\u064a \u062a\u0631\u0643\u064a\u0627 - StudyGo","url":"https:\/\/studygo.com.tr\/fr\/","logo":{"@type":"ImageObject","inLanguage":"fr-FR","@id":"https:\/\/studygo.com.tr\/fr\/#\/schema\/logo\/image\/","url":"https:\/\/studygo.com.tr\/wp-content\/uploads\/2021\/03\/study-go-logo-400x200-1.jpg","contentUrl":"https:\/\/studygo.com.tr\/wp-content\/uploads\/2021\/03\/study-go-logo-400x200-1.jpg","width":400,"height":200,"caption":"\u0633\u062a\u0627\u062f\u064a\u0643\u0648 | \u0627\u0644\u062f\u0631\u0627\u0633\u0629 \u0641\u064a \u062a\u0631\u0643\u064a\u0627 - StudyGo"},"image":{"@id":"https:\/\/studygo.com.tr\/fr\/#\/schema\/logo\/image\/"},"sameAs":["https:\/\/www.facebook.com\/StudyGoTR","https:\/\/www.instagram.com\/studygotr\/","https:\/\/www.youtube.com\/channel\/UC1E6cTScLjIunF7ay-GRxFA"]}]}},"_links":{"self":[{"href":"https:\/\/studygo.com.tr\/fr\/wp-json\/wp\/v2\/pages\/12658","targetHints":{"allow":["GET"]}}],"collection":[{"href":"https:\/\/studygo.com.tr\/fr\/wp-json\/wp\/v2\/pages"}],"about":[{"href":"https:\/\/studygo.com.tr\/fr\/wp-json\/wp\/v2\/types\/page"}],"author":[{"embeddable":true,"href":"https:\/\/studygo.com.tr\/fr\/wp-json\/wp\/v2\/users\/1"}],"replies":[{"embeddable":true,"href":"https:\/\/studygo.com.tr\/fr\/wp-json\/wp\/v2\/comments?post=12658"}],"version-history":[{"count":1,"href":"https:\/\/studygo.com.tr\/fr\/wp-json\/wp\/v2\/pages\/12658\/revisions"}],"predecessor-version":[{"id":12665,"href":"https:\/\/studygo.com.tr\/fr\/wp-json\/wp\/v2\/pages\/12658\/revisions\/12665"}],"wp:attachment":[{"href":"https:\/\/studygo.com.tr\/fr\/wp-json\/wp\/v2\/media?parent=12658"}],"curies":[{"name":"wp","href":"https:\/\/api.w.org\/{rel}","templated":true}]}}